{"id":4665,"date":"2017-06-02T11:56:16","date_gmt":"2017-06-02T09:56:16","guid":{"rendered":"http:\/\/www.spaansbabcock.com\/projectmanagement\/"},"modified":"2017-06-22T17:18:37","modified_gmt":"2017-06-22T15:18:37","slug":"gestion-de-projet","status":"publish","type":"page","link":"https:\/\/www.spaansbabcock.com\/fr\/gestion-de-projet\/","title":{"rendered":"Gestion de projet"},"content":{"rendered":"<h1>Gestion de projet<\/h1>\n<p>Notre \u00e9quipe de projet exp\u00e9riment\u00e9e fournit un bon d\u00e9roulement du projet et la mise en \u0153uvre.<br \/>\nVous pouvez les faire passer pour toutes vos questions au cours du projet.<\/p>\n<p><img loading=\"lazy\" decoding=\"async\" class=\"alignnone wp-image-4671 size-medium\" src=\"http:\/\/www.spaansbabcock.com\/wp-content\/uploads\/2017\/06\/projectmanagement-300x178.jpg\" alt=\"\" width=\"300\" height=\"178\" srcset=\"https:\/\/www.spaansbabcock.com\/wp-content\/uploads\/2017\/06\/projectmanagement-300x178.jpg 300w, https:\/\/www.spaansbabcock.com\/wp-content\/uploads\/2017\/06\/projectmanagement.jpg 408w\" sizes=\"auto, (max-width: 300px) 100vw, 300px\" \/><\/p>\n","protected":false},"excerpt":{"rendered":"<p>Gestion de projet Notre \u00e9quipe de projet exp\u00e9riment\u00e9e fournit un bon d\u00e9roulement du projet et&hellip;<\/p>\n","protected":false},"author":2,"featured_media":0,"parent":0,"menu_order":165,"comment_status":"closed","ping_status":"closed","template":"","meta":{"_acf_changed":false,"footnotes":""},"class_list":["post-4665","page","type-page","status-publish","hentry"],"acf":[],"yoast_head":"<!-- This site is optimized with the Yoast SEO plugin v27.2 - https:\/\/yoast.com\/product\/yoast-seo-wordpress\/ -->\n<title>Gestion de projet - Spaans Babcock<\/title>\n<meta name=\"robots\" content=\"index, follow, max-snippet:-1, max-image-preview:large, max-video-preview:-1\" \/>\n<link rel=\"canonical\" href=\"https:\/\/www.spaansbabcock.com\/fr\/gestion-de-projet\/\" \/>\n<meta property=\"og:locale\" content=\"fr_FR\" \/>\n<meta property=\"og:type\" content=\"article\" \/>\n<meta property=\"og:title\" content=\"Gestion de projet - Spaans Babcock\" \/>\n<meta property=\"og:description\" content=\"Gestion de projet Notre \u00e9quipe de projet exp\u00e9riment\u00e9e fournit un bon d\u00e9roulement du projet et&hellip;\" \/>\n<meta property=\"og:url\" content=\"https:\/\/www.spaansbabcock.com\/fr\/gestion-de-projet\/\" \/>\n<meta property=\"og:site_name\" content=\"Spaans Babcock\" \/>\n<meta property=\"article:modified_time\" content=\"2017-06-22T15:18:37+00:00\" \/>\n<meta property=\"og:image\" content=\"https:\/\/www.spaansbabcock.com\/wp-content\/uploads\/2017\/06\/projectmanagement.jpg\" \/>\n\t<meta property=\"og:image:width\" content=\"408\" \/>\n\t<meta property=\"og:image:height\" content=\"242\" \/>\n\t<meta property=\"og:image:type\" content=\"image\/jpeg\" \/>\n<meta name=\"twitter:card\" content=\"summary_large_image\" \/>\n<script type=\"application\/ld+json\" class=\"yoast-schema-graph\">{\"@context\":\"https:\/\/schema.org\",\"@graph\":[{\"@type\":\"WebPage\",\"@id\":\"https:\/\/www.spaansbabcock.com\/fr\/gestion-de-projet\/\",\"url\":\"https:\/\/www.spaansbabcock.com\/fr\/gestion-de-projet\/\",\"name\":\"Gestion de projet - Spaans Babcock\",\"isPartOf\":{\"@id\":\"https:\/\/www.spaansbabcock.com\/nl\/#website\"},\"primaryImageOfPage\":{\"@id\":\"https:\/\/www.spaansbabcock.com\/fr\/gestion-de-projet\/#primaryimage\"},\"image\":{\"@id\":\"https:\/\/www.spaansbabcock.com\/fr\/gestion-de-projet\/#primaryimage\"},\"thumbnailUrl\":\"http:\/\/www.spaansbabcock.com\/wp-content\/uploads\/2017\/06\/projectmanagement-300x178.jpg\",\"datePublished\":\"2017-06-02T09:56:16+00:00\",\"dateModified\":\"2017-06-22T15:18:37+00:00\",\"breadcrumb\":{\"@id\":\"https:\/\/www.spaansbabcock.com\/fr\/gestion-de-projet\/#breadcrumb\"},\"inLanguage\":\"fr-FR\",\"potentialAction\":[{\"@type\":\"ReadAction\",\"target\":[\"https:\/\/www.spaansbabcock.com\/fr\/gestion-de-projet\/\"]}]},{\"@type\":\"ImageObject\",\"inLanguage\":\"fr-FR\",\"@id\":\"https:\/\/www.spaansbabcock.com\/fr\/gestion-de-projet\/#primaryimage\",\"url\":\"http:\/\/www.spaansbabcock.com\/wp-content\/uploads\/2017\/06\/projectmanagement-300x178.jpg\",\"contentUrl\":\"http:\/\/www.spaansbabcock.com\/wp-content\/uploads\/2017\/06\/projectmanagement-300x178.jpg\"},{\"@type\":\"BreadcrumbList\",\"@id\":\"https:\/\/www.spaansbabcock.com\/fr\/gestion-de-projet\/#breadcrumb\",\"itemListElement\":[{\"@type\":\"ListItem\",\"position\":1,\"name\":\"Home\",\"item\":\"https:\/\/www.spaansbabcock.com\/fr\/\"},{\"@type\":\"ListItem\",\"position\":2,\"name\":\"Gestion de projet\"}]},{\"@type\":\"WebSite\",\"@id\":\"https:\/\/www.spaansbabcock.com\/nl\/#website\",\"url\":\"https:\/\/www.spaansbabcock.com\/nl\/\",\"name\":\"Spaans Babcock\",\"description\":\"Wij ontwerpen en bouwen (afval) waterbehandeling apparatuur zoals vijzels, beluchters, sreenings en schroef generatoren.\",\"potentialAction\":[{\"@type\":\"SearchAction\",\"target\":{\"@type\":\"EntryPoint\",\"urlTemplate\":\"https:\/\/www.spaansbabcock.com\/nl\/?s={search_term_string}\"},\"query-input\":{\"@type\":\"PropertyValueSpecification\",\"valueRequired\":true,\"valueName\":\"search_term_string\"}}],\"inLanguage\":\"fr-FR\"}]}<\/script>\n<!-- \/ Yoast SEO plugin. -->","yoast_head_json":{"title":"Gestion de projet - Spaans Babcock","robots":{"index":"index","follow":"follow","max-snippet":"max-snippet:-1","max-image-preview":"max-image-preview:large","max-video-preview":"max-video-preview:-1"},"canonical":"https:\/\/www.spaansbabcock.com\/fr\/gestion-de-projet\/","og_locale":"fr_FR","og_type":"article","og_title":"Gestion de projet - Spaans Babcock","og_description":"Gestion de projet Notre \u00e9quipe de projet exp\u00e9riment\u00e9e fournit un bon d\u00e9roulement du projet et&hellip;","og_url":"https:\/\/www.spaansbabcock.com\/fr\/gestion-de-projet\/","og_site_name":"Spaans Babcock","article_modified_time":"2017-06-22T15:18:37+00:00","og_image":[{"width":408,"height":242,"url":"https:\/\/www.spaansbabcock.com\/wp-content\/uploads\/2017\/06\/projectmanagement.jpg","type":"image\/jpeg"}],"twitter_card":"summary_large_image","schema":{"@context":"https:\/\/schema.org","@graph":[{"@type":"WebPage","@id":"https:\/\/www.spaansbabcock.com\/fr\/gestion-de-projet\/","url":"https:\/\/www.spaansbabcock.com\/fr\/gestion-de-projet\/","name":"Gestion de projet - Spaans Babcock","isPartOf":{"@id":"https:\/\/www.spaansbabcock.com\/nl\/#website"},"primaryImageOfPage":{"@id":"https:\/\/www.spaansbabcock.com\/fr\/gestion-de-projet\/#primaryimage"},"image":{"@id":"https:\/\/www.spaansbabcock.com\/fr\/gestion-de-projet\/#primaryimage"},"thumbnailUrl":"http:\/\/www.spaansbabcock.com\/wp-content\/uploads\/2017\/06\/projectmanagement-300x178.jpg","datePublished":"2017-06-02T09:56:16+00:00","dateModified":"2017-06-22T15:18:37+00:00","breadcrumb":{"@id":"https:\/\/www.spaansbabcock.com\/fr\/gestion-de-projet\/#breadcrumb"},"inLanguage":"fr-FR","potentialAction":[{"@type":"ReadAction","target":["https:\/\/www.spaansbabcock.com\/fr\/gestion-de-projet\/"]}]},{"@type":"ImageObject","inLanguage":"fr-FR","@id":"https:\/\/www.spaansbabcock.com\/fr\/gestion-de-projet\/#primaryimage","url":"http:\/\/www.spaansbabcock.com\/wp-content\/uploads\/2017\/06\/projectmanagement-300x178.jpg","contentUrl":"http:\/\/www.spaansbabcock.com\/wp-content\/uploads\/2017\/06\/projectmanagement-300x178.jpg"},{"@type":"BreadcrumbList","@id":"https:\/\/www.spaansbabcock.com\/fr\/gestion-de-projet\/#breadcrumb","itemListElement":[{"@type":"ListItem","position":1,"name":"Home","item":"https:\/\/www.spaansbabcock.com\/fr\/"},{"@type":"ListItem","position":2,"name":"Gestion de projet"}]},{"@type":"WebSite","@id":"https:\/\/www.spaansbabcock.com\/nl\/#website","url":"https:\/\/www.spaansbabcock.com\/nl\/","name":"Spaans Babcock","description":"Wij ontwerpen en bouwen (afval) waterbehandeling apparatuur zoals vijzels, beluchters, sreenings en schroef generatoren.","potentialAction":[{"@type":"SearchAction","target":{"@type":"EntryPoint","urlTemplate":"https:\/\/www.spaansbabcock.com\/nl\/?s={search_term_string}"},"query-input":{"@type":"PropertyValueSpecification","valueRequired":true,"valueName":"search_term_string"}}],"inLanguage":"fr-FR"}]}},"_links":{"self":[{"href":"https:\/\/www.spaansbabcock.com\/fr\/wp-json\/wp\/v2\/pages\/4665","targetHints":{"allow":["GET"]}}],"collection":[{"href":"https:\/\/www.spaansbabcock.com\/fr\/wp-json\/wp\/v2\/pages"}],"about":[{"href":"https:\/\/www.spaansbabcock.com\/fr\/wp-json\/wp\/v2\/types\/page"}],"author":[{"embeddable":true,"href":"https:\/\/www.spaansbabcock.com\/fr\/wp-json\/wp\/v2\/users\/2"}],"replies":[{"embeddable":true,"href":"https:\/\/www.spaansbabcock.com\/fr\/wp-json\/wp\/v2\/comments?post=4665"}],"version-history":[{"count":2,"href":"https:\/\/www.spaansbabcock.com\/fr\/wp-json\/wp\/v2\/pages\/4665\/revisions"}],"predecessor-version":[{"id":4678,"href":"https:\/\/www.spaansbabcock.com\/fr\/wp-json\/wp\/v2\/pages\/4665\/revisions\/4678"}],"wp:attachment":[{"href":"https:\/\/www.spaansbabcock.com\/fr\/wp-json\/wp\/v2\/media?parent=4665"}],"curies":[{"name":"wp","href":"https:\/\/api.w.org\/{rel}","templated":true}]}}